{"id":1977,"date":"2019-01-17T15:36:40","date_gmt":"2019-01-17T14:36:40","guid":{"rendered":"https:\/\/www.tarn.educagri.fr\/flamarens\/wp\/?page_id=1977"},"modified":"2021-05-05T13:51:12","modified_gmt":"2021-05-05T12:51:12","slug":"politique-de-confidentialite","status":"publish","type":"page","link":"https:\/\/www.tarn.educagri.fr\/flamarens\/politique-de-confidentialite\/","title":{"rendered":"Politique de confidentialit\u00e9"},"content":{"rendered":"\t\t<div data-elementor-type=\"wp-post\" data-elementor-id=\"1977\" class=\"elementor elementor-1977\" data-elementor-post-type=\"page\">\n\t\t\t\t\t\t<section class=\"elementor-section elementor-top-section elementor-element elementor-element-5c24890d elementor-section-boxed elementor-section-height-default elementor-section-height-default\" data-id=\"5c24890d\" data-element_type=\"section\" data-e-type=\"section\">\n\t\t\t\t\t\t<div class=\"elementor-container elementor-column-gap-default\">\n\t\t\t\t\t<div class=\"elementor-column elementor-col-100 elementor-top-column elementor-element elementor-element-f740d21\" data-id=\"f740d21\" data-element_type=\"column\" data-e-type=\"column\">\n\t\t\t<div class=\"elementor-widget-wrap elementor-element-populated\">\n\t\t\t\t\t\t<div class=\"elementor-element elementor-element-7605f4f3 elementor-widget elementor-widget-text-editor\" data-id=\"7605f4f3\" data-element_type=\"widget\" data-e-type=\"widget\" data-widget_type=\"text-editor.default\">\n\t\t\t\t<div class=\"elementor-widget-container\">\n\t\t\t\t\t\t\t\t\t<p><\/p>\n<h2 class=\"wp-block-heading\">Qui sommes-nous&nbsp;?<\/h2>\n<p><\/p>\n<p>L\u2019adresse de notre site Web est&nbsp;: https:\/\/www.tarn.educagri.fr\/flamarens<\/p>\n<p><\/p>\n<h2 class=\"wp-block-heading\" style=\"margin-bottom: 0.540791em;\">Utilisation des donn\u00e9es personnelles collect\u00e9es<\/h2><h4 style=\"margin-bottom: 0.540791em;\">Donn\u00e9es collect\u00e9es via les formulaires de contacts ou d&rsquo;inscriptions \u00e0 des \u00e9v\u00e9nements de l&rsquo;\u00e9tablissement<\/h4><h2><p style=\"color: rgb(122, 122, 122); font-family: Roboto; font-size: medium;\">Les donn\u00e9es personnelles enregistr\u00e9es sont utilis\u00e9es pour vous contacter dans le cadre de projets d&rsquo;orientation ou \u00e0 des fins d&rsquo;inscription \u00e0 des manifestations.<\/p><\/h2><h4 style=\"margin-bottom: 0.540791em;\">Google Analytics<\/h4><h2><p style=\"color: rgb(122, 122, 122); font-family: Roboto; font-size: medium;\">En cas de consentement nous utilisons les donn\u00e9es fournies par ce service afin d&rsquo;am\u00e9liorer notre site internet ainsi que sa visibilit\u00e9.<\/p><p style=\"color: rgb(122, 122, 122); font-family: Roboto; font-size: medium;\"><\/p><\/h2><h4 style=\"margin-bottom: 0.540791em;\">Contenu embarqu\u00e9 depuis d\u2019autres sites<\/h4><h2><p style=\"color: rgb(122, 122, 122); font-family: Roboto; font-size: medium;\"><\/p><p style=\"color: rgb(122, 122, 122); font-family: Roboto; font-size: medium;\">Les articles de ce site peuvent inclure des contenus int\u00e9gr\u00e9s (par exemple des vid\u00e9os, images, articles\u2026). Le contenu int\u00e9gr\u00e9 depuis d\u2019autres sites se comporte de la m\u00eame mani\u00e8re que si le visiteur se rendait sur cet autre site.<\/p><p style=\"color: rgb(122, 122, 122); font-family: Roboto; font-size: medium;\"><\/p><p style=\"color: rgb(122, 122, 122); font-family: Roboto; font-size: medium;\">Ces sites web pourraient collecter des donn\u00e9es sur vous, utiliser des cookies, embarquer des outils de suivis tiers, suivre vos interactions avec ces contenus embarqu\u00e9s si vous disposez d\u2019un compte connect\u00e9 sur leur site web.<\/p><\/h2>\n<p><\/p>\t\t\t\t\t\t\t\t<\/div>\n\t\t\t\t<\/div>\n\t\t\t\t\t<\/div>\n\t\t<\/div>\n\t\t\t\t\t<\/div>\n\t\t<\/section>\n\t\t\t\t<section class=\"elementor-section elementor-top-section elementor-element elementor-element-55ed131 elementor-section-boxed elementor-section-height-default elementor-section-height-default\" data-id=\"55ed131\" data-element_type=\"section\" data-e-type=\"section\">\n\t\t\t\t\t\t<div class=\"elementor-container elementor-column-gap-default\">\n\t\t\t\t\t<div class=\"elementor-column elementor-col-100 elementor-top-column elementor-element elementor-element-f7568af\" data-id=\"f7568af\" data-element_type=\"column\" data-e-type=\"column\">\n\t\t\t<div class=\"elementor-widget-wrap elementor-element-populated\">\n\t\t\t\t\t\t<div class=\"elementor-element elementor-element-df8fae2 elementor-widget elementor-widget-text-editor\" data-id=\"df8fae2\" data-element_type=\"widget\" data-e-type=\"widget\" data-widget_type=\"text-editor.default\">\n\t\t\t\t<div class=\"elementor-widget-container\">\n\t\t\t\t\t\t\t\t\t<h1>Mentions l\u00e9gales<\/h1>\n<h4><span style=\"color: #017fad;\"><span style=\"font-family: verdana;\">Editeur<\/span><\/span><\/h4>\n<p class=\"texte\">Etablissement Public Local d&rsquo;Enseignement et de Formation Professionnelle Agricole du Tarn<\/p>\n<p class=\"texte\">Route de Toulouse<br \/>81000 Albi<\/p>\n<p class=\"texte\">T\u00e9l\u00e9phone : 05 63 49 43 70<\/p>\n<p class=\"texte\">M\u00e9l : epl.tarn@educagri.fr<\/p>\n<p class=\"texte\">Responsable de la publication : Eric GAILLOCHON, Directeur<\/p>\n<h4><span style=\"color: #017fad;\"><span style=\"font-family: verdana;\">H\u00e9bergeur<\/span><\/span><\/h4>\n<div>\n<p class=\"texte\">OVH<\/p>\n<p class=\"texte\">SAS OVH, 2 rue Kellermann \u2013 59100 Roubaix \u2013 France<\/p>\n<p class=\"texte\">T\u00e9l\u00e9phone :1007<\/p>\n<h4><span style=\"color: #017fad;\"><span style=\"font-family: verdana;\">Donn\u00e9es \u00e0 caract\u00e8re personnel : droit d&rsquo;acc\u00e8s et de rectification<\/span><\/span><\/h4>\n<p><span style=\"font-family: verdana;\">En application de la loi Informatique et Libert\u00e9s en date du 6 janvier 1978, vous disposez d&rsquo;un droit d&rsquo;acc\u00e8s, de modification et de suppression des donn\u00e9es qui vous concernent.<br \/>Ces droits s&rsquo;exercent par voie postale aupr\u00e8s de l&rsquo;\u00e9tablissement.<\/span><\/p>\n<\/div>\t\t\t\t\t\t\t\t<\/div>\n\t\t\t\t<\/div>\n\t\t\t\t\t<\/div>\n\t\t<\/div>\n\t\t\t\t\t<\/div>\n\t\t<\/section>\n\t\t\t\t<\/div>\n\t\t","protected":false},"excerpt":{"rendered":"<p>Qui sommes-nous&nbsp;? L\u2019adresse de notre site Web est&nbsp;: https:\/\/www.tarn.educagri.fr\/flamarens Utilisation des donn\u00e9es personnelles collect\u00e9es Donn\u00e9es collect\u00e9es via les formulaires de contacts ou d&rsquo;inscriptions \u00e0 des&hellip;<\/p>\n","protected":false},"author":1,"featured_media":0,"parent":0,"menu_order":0,"comment_status":"closed","ping_status":"closed","template":"","meta":{"footnotes":""},"class_list":["post-1977","page","type-page","status-publish","hentry"],"yoast_head":"<!-- This site is optimized with the Yoast SEO plugin v27.5 - https:\/\/yoast.com\/product\/yoast-seo-wordpress\/ -->\n<title>Politique de confidentialit\u00e9 - Lyc\u00e9e Flamarens Lavaur<\/title>\n<meta name=\"robots\" content=\"index, follow, max-snippet:-1, max-image-preview:large, max-video-preview:-1\" \/>\n<link rel=\"canonical\" href=\"https:\/\/www.tarn.educagri.fr\/flamarens\/politique-de-confidentialite\/\" \/>\n<meta property=\"og:locale\" content=\"fr_FR\" \/>\n<meta property=\"og:type\" content=\"article\" \/>\n<meta property=\"og:title\" content=\"Politique de confidentialit\u00e9 - Lyc\u00e9e Flamarens Lavaur\" \/>\n<meta property=\"og:description\" content=\"Qui sommes-nous&nbsp;? L\u2019adresse de notre site Web est&nbsp;: https:\/\/www.tarn.educagri.fr\/flamarens Utilisation des donn\u00e9es personnelles collect\u00e9es Donn\u00e9es collect\u00e9es via les formulaires de contacts ou d&rsquo;inscriptions \u00e0 des&hellip;\" \/>\n<meta property=\"og:url\" content=\"https:\/\/www.tarn.educagri.fr\/flamarens\/politique-de-confidentialite\/\" \/>\n<meta property=\"og:site_name\" content=\"Lyc\u00e9e Flamarens Lavaur\" \/>\n<meta property=\"article:modified_time\" content=\"2021-05-05T12:51:12+00:00\" \/>\n<meta name=\"twitter:card\" content=\"summary_large_image\" \/>\n<meta name=\"twitter:label1\" content=\"Dur\u00e9e de lecture estim\u00e9e\" \/>\n\t<meta name=\"twitter:data1\" content=\"2 minutes\" \/>\n<script type=\"application\/ld+json\" class=\"yoast-schema-graph\">{\"@context\":\"https:\\\/\\\/schema.org\",\"@graph\":[{\"@type\":\"WebPage\",\"@id\":\"https:\\\/\\\/www.tarn.educagri.fr\\\/flamarens\\\/politique-de-confidentialite\\\/\",\"url\":\"https:\\\/\\\/www.tarn.educagri.fr\\\/flamarens\\\/politique-de-confidentialite\\\/\",\"name\":\"Politique de confidentialit\u00e9 - Lyc\u00e9e Flamarens Lavaur\",\"isPartOf\":{\"@id\":\"https:\\\/\\\/www.tarn.educagri.fr\\\/flamarens\\\/#website\"},\"datePublished\":\"2019-01-17T14:36:40+00:00\",\"dateModified\":\"2021-05-05T12:51:12+00:00\",\"breadcrumb\":{\"@id\":\"https:\\\/\\\/www.tarn.educagri.fr\\\/flamarens\\\/politique-de-confidentialite\\\/#breadcrumb\"},\"inLanguage\":\"fr-FR\",\"potentialAction\":[{\"@type\":\"ReadAction\",\"target\":[\"https:\\\/\\\/www.tarn.educagri.fr\\\/flamarens\\\/politique-de-confidentialite\\\/\"]}]},{\"@type\":\"BreadcrumbList\",\"@id\":\"https:\\\/\\\/www.tarn.educagri.fr\\\/flamarens\\\/politique-de-confidentialite\\\/#breadcrumb\",\"itemListElement\":[{\"@type\":\"ListItem\",\"position\":1,\"name\":\"Accueil\",\"item\":\"https:\\\/\\\/www.tarn.educagri.fr\\\/flamarens\\\/\"},{\"@type\":\"ListItem\",\"position\":2,\"name\":\"Politique de confidentialit\u00e9\"}]},{\"@type\":\"WebSite\",\"@id\":\"https:\\\/\\\/www.tarn.educagri.fr\\\/flamarens\\\/#website\",\"url\":\"https:\\\/\\\/www.tarn.educagri.fr\\\/flamarens\\\/\",\"name\":\"Lyc\u00e9e Flamarens Lavaur\",\"description\":\"Le campus des possibles\",\"publisher\":{\"@id\":\"https:\\\/\\\/www.tarn.educagri.fr\\\/flamarens\\\/#organization\"},\"potentialAction\":[{\"@type\":\"SearchAction\",\"target\":{\"@type\":\"EntryPoint\",\"urlTemplate\":\"https:\\\/\\\/www.tarn.educagri.fr\\\/flamarens\\\/?s={search_term_string}\"},\"query-input\":{\"@type\":\"PropertyValueSpecification\",\"valueRequired\":true,\"valueName\":\"search_term_string\"}}],\"inLanguage\":\"fr-FR\"},{\"@type\":\"Organization\",\"@id\":\"https:\\\/\\\/www.tarn.educagri.fr\\\/flamarens\\\/#organization\",\"name\":\"Etablissement agro environnemental du Tarn\",\"url\":\"https:\\\/\\\/www.tarn.educagri.fr\\\/flamarens\\\/\",\"logo\":{\"@type\":\"ImageObject\",\"inLanguage\":\"fr-FR\",\"@id\":\"https:\\\/\\\/www.tarn.educagri.fr\\\/flamarens\\\/#\\\/schema\\\/logo\\\/image\\\/\",\"url\":\"https:\\\/\\\/www.tarn.educagri.fr\\\/flamarens\\\/wp-content\\\/uploads\\\/2018\\\/05\\\/logo-EPl.jpg\",\"contentUrl\":\"https:\\\/\\\/www.tarn.educagri.fr\\\/flamarens\\\/wp-content\\\/uploads\\\/2018\\\/05\\\/logo-EPl.jpg\",\"width\":624,\"height\":624,\"caption\":\"Etablissement agro environnemental du Tarn\"},\"image\":{\"@id\":\"https:\\\/\\\/www.tarn.educagri.fr\\\/flamarens\\\/#\\\/schema\\\/logo\\\/image\\\/\"}}]}<\/script>\n<!-- \/ Yoast SEO plugin. -->","yoast_head_json":{"title":"Politique de confidentialit\u00e9 - Lyc\u00e9e Flamarens Lavaur","robots":{"index":"index","follow":"follow","max-snippet":"max-snippet:-1","max-image-preview":"max-image-preview:large","max-video-preview":"max-video-preview:-1"},"canonical":"https:\/\/www.tarn.educagri.fr\/flamarens\/politique-de-confidentialite\/","og_locale":"fr_FR","og_type":"article","og_title":"Politique de confidentialit\u00e9 - Lyc\u00e9e Flamarens Lavaur","og_description":"Qui sommes-nous&nbsp;? L\u2019adresse de notre site Web est&nbsp;: https:\/\/www.tarn.educagri.fr\/flamarens Utilisation des donn\u00e9es personnelles collect\u00e9es Donn\u00e9es collect\u00e9es via les formulaires de contacts ou d&rsquo;inscriptions \u00e0 des&hellip;","og_url":"https:\/\/www.tarn.educagri.fr\/flamarens\/politique-de-confidentialite\/","og_site_name":"Lyc\u00e9e Flamarens Lavaur","article_modified_time":"2021-05-05T12:51:12+00:00","twitter_card":"summary_large_image","twitter_misc":{"Dur\u00e9e de lecture estim\u00e9e":"2 minutes"},"schema":{"@context":"https:\/\/schema.org","@graph":[{"@type":"WebPage","@id":"https:\/\/www.tarn.educagri.fr\/flamarens\/politique-de-confidentialite\/","url":"https:\/\/www.tarn.educagri.fr\/flamarens\/politique-de-confidentialite\/","name":"Politique de confidentialit\u00e9 - Lyc\u00e9e Flamarens Lavaur","isPartOf":{"@id":"https:\/\/www.tarn.educagri.fr\/flamarens\/#website"},"datePublished":"2019-01-17T14:36:40+00:00","dateModified":"2021-05-05T12:51:12+00:00","breadcrumb":{"@id":"https:\/\/www.tarn.educagri.fr\/flamarens\/politique-de-confidentialite\/#breadcrumb"},"inLanguage":"fr-FR","potentialAction":[{"@type":"ReadAction","target":["https:\/\/www.tarn.educagri.fr\/flamarens\/politique-de-confidentialite\/"]}]},{"@type":"BreadcrumbList","@id":"https:\/\/www.tarn.educagri.fr\/flamarens\/politique-de-confidentialite\/#breadcrumb","itemListElement":[{"@type":"ListItem","position":1,"name":"Accueil","item":"https:\/\/www.tarn.educagri.fr\/flamarens\/"},{"@type":"ListItem","position":2,"name":"Politique de confidentialit\u00e9"}]},{"@type":"WebSite","@id":"https:\/\/www.tarn.educagri.fr\/flamarens\/#website","url":"https:\/\/www.tarn.educagri.fr\/flamarens\/","name":"Lyc\u00e9e Flamarens Lavaur","description":"Le campus des possibles","publisher":{"@id":"https:\/\/www.tarn.educagri.fr\/flamarens\/#organization"},"potentialAction":[{"@type":"SearchAction","target":{"@type":"EntryPoint","urlTemplate":"https:\/\/www.tarn.educagri.fr\/flamarens\/?s={search_term_string}"},"query-input":{"@type":"PropertyValueSpecification","valueRequired":true,"valueName":"search_term_string"}}],"inLanguage":"fr-FR"},{"@type":"Organization","@id":"https:\/\/www.tarn.educagri.fr\/flamarens\/#organization","name":"Etablissement agro environnemental du Tarn","url":"https:\/\/www.tarn.educagri.fr\/flamarens\/","logo":{"@type":"ImageObject","inLanguage":"fr-FR","@id":"https:\/\/www.tarn.educagri.fr\/flamarens\/#\/schema\/logo\/image\/","url":"https:\/\/www.tarn.educagri.fr\/flamarens\/wp-content\/uploads\/2018\/05\/logo-EPl.jpg","contentUrl":"https:\/\/www.tarn.educagri.fr\/flamarens\/wp-content\/uploads\/2018\/05\/logo-EPl.jpg","width":624,"height":624,"caption":"Etablissement agro environnemental du Tarn"},"image":{"@id":"https:\/\/www.tarn.educagri.fr\/flamarens\/#\/schema\/logo\/image\/"}}]}},"_links":{"self":[{"href":"https:\/\/www.tarn.educagri.fr\/flamarens\/wp-json\/wp\/v2\/pages\/1977","targetHints":{"allow":["GET"]}}],"collection":[{"href":"https:\/\/www.tarn.educagri.fr\/flamarens\/wp-json\/wp\/v2\/pages"}],"about":[{"href":"https:\/\/www.tarn.educagri.fr\/flamarens\/wp-json\/wp\/v2\/types\/page"}],"author":[{"embeddable":true,"href":"https:\/\/www.tarn.educagri.fr\/flamarens\/wp-json\/wp\/v2\/users\/1"}],"replies":[{"embeddable":true,"href":"https:\/\/www.tarn.educagri.fr\/flamarens\/wp-json\/wp\/v2\/comments?post=1977"}],"version-history":[{"count":10,"href":"https:\/\/www.tarn.educagri.fr\/flamarens\/wp-json\/wp\/v2\/pages\/1977\/revisions"}],"predecessor-version":[{"id":5045,"href":"https:\/\/www.tarn.educagri.fr\/flamarens\/wp-json\/wp\/v2\/pages\/1977\/revisions\/5045"}],"wp:attachment":[{"href":"https:\/\/www.tarn.educagri.fr\/flamarens\/wp-json\/wp\/v2\/media?parent=1977"}],"curies":[{"name":"wp","href":"https:\/\/api.w.org\/{rel}","templated":true}]}}