{"id":4134,"date":"2020-10-16T12:59:09","date_gmt":"2020-10-16T11:59:09","guid":{"rendered":"https:\/\/www.tarn.educagri.fr\/flamarens\/?page_id=4134"},"modified":"2025-03-27T11:11:56","modified_gmt":"2025-03-27T10:11:56","slug":"options","status":"publish","type":"page","link":"https:\/\/www.tarn.educagri.fr\/flamarens\/options\/","title":{"rendered":"Options et sp\u00e9cialit\u00e9es"},"content":{"rendered":"\t\t<div data-elementor-type=\"wp-page\" data-elementor-id=\"4134\" class=\"elementor elementor-4134\" data-elementor-post-type=\"page\">\n\t\t\t\t\t\t<section class=\"elementor-section elementor-top-section elementor-element elementor-element-5d2535b elementor-section-boxed elementor-section-height-default elementor-section-height-default\" data-id=\"5d2535b\" data-element_type=\"section\" data-e-type=\"section\">\n\t\t\t\t\t\t<div class=\"elementor-container elementor-column-gap-default\">\n\t\t\t\t\t<div class=\"elementor-column elementor-col-33 elementor-top-column elementor-element elementor-element-91ad96a\" data-id=\"91ad96a\" data-element_type=\"column\" data-e-type=\"column\">\n\t\t\t<div class=\"elementor-widget-wrap elementor-element-populated\">\n\t\t\t\t\t\t<div class=\"elementor-element elementor-element-bc5d3a0 elementor-cta--skin-cover elementor-animated-content elementor-bg-transform elementor-bg-transform-zoom-in elementor-widget elementor-widget-call-to-action\" data-id=\"bc5d3a0\" data-element_type=\"widget\" data-e-type=\"widget\" data-widget_type=\"call-to-action.default\">\n\t\t\t\t<div class=\"elementor-widget-container\">\n\t\t\t\t\t\t\t<div class=\"elementor-cta\">\n\t\t\t\t\t<div class=\"elementor-cta__bg-wrapper\">\n\t\t\t\t<div class=\"elementor-cta__bg elementor-bg\" style=\"background-image: url(https:\/\/www.tarn.educagri.fr\/flamarens\/wp-content\/uploads\/2020\/10\/Option-Gestion-de-la-Faune-Sauvage1-1024x819.jpg);\" role=\"img\" aria-label=\"Option Gestion de la Faune Sauvage(1)\"><\/div>\n\t\t\t\t<div class=\"elementor-cta__bg-overlay\"><\/div>\n\t\t\t<\/div>\n\t\t\t\t\t\t\t<div class=\"elementor-cta__content\">\n\t\t\t\t\n\t\t\t\t\t\t\t\t\t<h2 class=\"elementor-cta__title elementor-cta__content-item elementor-content-item elementor-animated-item--grow\">\n\t\t\t\t\t\tPlus d'infos\t\t\t\t\t<\/h2>\n\t\t\t\t\n\t\t\t\t\n\t\t\t\t\t\t\t\t\t<div class=\"elementor-cta__button-wrapper elementor-cta__content-item elementor-content-item elementor-animated-item--grow\">\n\t\t\t\t\t<a class=\"elementor-cta__button elementor-button elementor-size-\" href=\"https:\/\/www.tarn.educagri.fr\/flamarens\/wp-content\/uploads\/2021\/05\/Option-rugby.pdf\" target=\"_blank\">\n\t\t\t\t\t\tCliquer ici\t\t\t\t\t<\/a>\n\t\t\t\t\t<\/div>\n\t\t\t\t\t\t\t<\/div>\n\t\t\t\t\t\t<\/div>\n\t\t\t\t\t\t<\/div>\n\t\t\t\t<\/div>\n\t\t\t\t\t<\/div>\n\t\t<\/div>\n\t\t\t\t<div class=\"elementor-column elementor-col-33 elementor-top-column elementor-element elementor-element-b921746\" data-id=\"b921746\" data-element_type=\"column\" data-e-type=\"column\">\n\t\t\t<div class=\"elementor-widget-wrap elementor-element-populated\">\n\t\t\t\t\t\t<div class=\"elementor-element elementor-element-ebdbe6e elementor-cta--skin-cover elementor-animated-content elementor-bg-transform elementor-bg-transform-zoom-in elementor-widget elementor-widget-call-to-action\" data-id=\"ebdbe6e\" data-element_type=\"widget\" data-e-type=\"widget\" data-widget_type=\"call-to-action.default\">\n\t\t\t\t<div class=\"elementor-widget-container\">\n\t\t\t\t\t\t\t<div class=\"elementor-cta\">\n\t\t\t\t\t<div class=\"elementor-cta__bg-wrapper\">\n\t\t\t\t<div class=\"elementor-cta__bg elementor-bg\" style=\"background-image: url(https:\/\/www.tarn.educagri.fr\/flamarens\/wp-content\/uploads\/2020\/10\/Option-Gestion-de-la-Faune-Sauvage-1024x819.jpg);\" role=\"img\" aria-label=\"photo Gestion Faune Sauvage\"><\/div>\n\t\t\t\t<div class=\"elementor-cta__bg-overlay\"><\/div>\n\t\t\t<\/div>\n\t\t\t\t\t\t\t<div class=\"elementor-cta__content\">\n\t\t\t\t\n\t\t\t\t\t\t\t\t\t<h2 class=\"elementor-cta__title elementor-cta__content-item elementor-content-item elementor-animated-item--grow\">\n\t\t\t\t\t\tPlus d'infos\t\t\t\t\t<\/h2>\n\t\t\t\t\n\t\t\t\t\n\t\t\t\t\t\t\t\t\t<div class=\"elementor-cta__button-wrapper elementor-cta__content-item elementor-content-item elementor-animated-item--grow\">\n\t\t\t\t\t<a class=\"elementor-cta__button elementor-button elementor-size-\" href=\"https:\/\/www.tarn.educagri.fr\/flamarens\/wp-content\/uploads\/2020\/11\/GFS.pdf\" target=\"_blank\">\n\t\t\t\t\t\tCliquer ici\t\t\t\t\t<\/a>\n\t\t\t\t\t<\/div>\n\t\t\t\t\t\t\t<\/div>\n\t\t\t\t\t\t<\/div>\n\t\t\t\t\t\t<\/div>\n\t\t\t\t<\/div>\n\t\t\t\t\t<\/div>\n\t\t<\/div>\n\t\t\t\t<div class=\"elementor-column elementor-col-33 elementor-top-column elementor-element elementor-element-95a688b\" data-id=\"95a688b\" data-element_type=\"column\" data-e-type=\"column\">\n\t\t\t<div class=\"elementor-widget-wrap elementor-element-populated\">\n\t\t\t\t\t\t<div class=\"elementor-element elementor-element-c865756 elementor-cta--skin-cover elementor-animated-content elementor-bg-transform elementor-bg-transform-zoom-in elementor-widget elementor-widget-call-to-action\" data-id=\"c865756\" data-element_type=\"widget\" data-e-type=\"widget\" data-widget_type=\"call-to-action.default\">\n\t\t\t\t<div class=\"elementor-widget-container\">\n\t\t\t\t\t\t\t<a class=\"elementor-cta\" href=\"https:\/\/www.tarn.educagri.fr\/flamarens\/wp-content\/uploads\/2023\/09\/Chien-de-troupeau-2023.pdf\" target=\"_blank\">\n\t\t\t\t\t<div class=\"elementor-cta__bg-wrapper\">\n\t\t\t\t<div class=\"elementor-cta__bg elementor-bg\" style=\"background-image: url(https:\/\/www.tarn.educagri.fr\/flamarens\/wp-content\/uploads\/2023\/09\/Option-chiens-1024x819.png);\" role=\"img\" aria-label=\"Option chiens\"><\/div>\n\t\t\t\t<div class=\"elementor-cta__bg-overlay\"><\/div>\n\t\t\t<\/div>\n\t\t\t\t\t\t\t<div class=\"elementor-cta__content\">\n\t\t\t\t\n\t\t\t\t\t\t\t\t\t<h2 class=\"elementor-cta__title elementor-cta__content-item elementor-content-item elementor-animated-item--grow\">\n\t\t\t\t\t\tPlus d'infos\t\t\t\t\t<\/h2>\n\t\t\t\t\n\t\t\t\t\n\t\t\t\t\t\t\t\t\t<div class=\"elementor-cta__button-wrapper elementor-cta__content-item elementor-content-item elementor-animated-item--grow\">\n\t\t\t\t\t<span class=\"elementor-cta__button elementor-button elementor-size-\">\n\t\t\t\t\t\tCliquer ici\t\t\t\t\t<\/span>\n\t\t\t\t\t<\/div>\n\t\t\t\t\t\t\t<\/div>\n\t\t\t\t\t\t<\/a>\n\t\t\t\t\t\t<\/div>\n\t\t\t\t<\/div>\n\t\t\t\t\t<\/div>\n\t\t<\/div>\n\t\t\t\t\t<\/div>\n\t\t<\/section>\n\t\t\t\t<section class=\"elementor-section elementor-top-section elementor-element elementor-element-8479884 elementor-section-boxed elementor-section-height-default elementor-section-height-default\" data-id=\"8479884\" data-element_type=\"section\" data-e-type=\"section\">\n\t\t\t\t\t\t<div class=\"elementor-container elementor-column-gap-default\">\n\t\t\t\t\t<div class=\"elementor-column elementor-col-33 elementor-top-column elementor-element elementor-element-ce4c62b\" data-id=\"ce4c62b\" data-element_type=\"column\" data-e-type=\"column\">\n\t\t\t<div class=\"elementor-widget-wrap elementor-element-populated\">\n\t\t\t\t\t\t<div class=\"elementor-element elementor-element-4cf310f elementor-cta--skin-cover elementor-animated-content elementor-bg-transform elementor-bg-transform-zoom-in elementor-widget elementor-widget-call-to-action\" data-id=\"4cf310f\" data-element_type=\"widget\" data-e-type=\"widget\" data-widget_type=\"call-to-action.default\">\n\t\t\t\t<div class=\"elementor-widget-container\">\n\t\t\t\t\t\t\t<div class=\"elementor-cta\">\n\t\t\t\t\t<div class=\"elementor-cta__bg-wrapper\">\n\t\t\t\t<div class=\"elementor-cta__bg elementor-bg\" style=\"background-image: url(https:\/\/www.tarn.educagri.fr\/flamarens\/wp-content\/uploads\/2023\/01\/Option-Gestion-de-la-Faune-Sauvage-1024x819.jpg);\" role=\"img\" aria-label=\"MAP apiculture\"><\/div>\n\t\t\t\t<div class=\"elementor-cta__bg-overlay\"><\/div>\n\t\t\t<\/div>\n\t\t\t\t\t\t\t<div class=\"elementor-cta__content\">\n\t\t\t\t\n\t\t\t\t\t\t\t\t\t<h2 class=\"elementor-cta__title elementor-cta__content-item elementor-content-item elementor-animated-item--grow\">\n\t\t\t\t\t\tPlus d'infos\t\t\t\t\t<\/h2>\n\t\t\t\t\n\t\t\t\t\n\t\t\t\t\t\t\t\t\t<div class=\"elementor-cta__button-wrapper elementor-cta__content-item elementor-content-item elementor-animated-item--grow\">\n\t\t\t\t\t<a class=\"elementor-cta__button elementor-button elementor-size-\" href=\"https:\/\/www.tarn.educagri.fr\/flamarens\/elementor-6012\/\">\n\t\t\t\t\t\tCliquer ici\t\t\t\t\t<\/a>\n\t\t\t\t\t<\/div>\n\t\t\t\t\t\t\t<\/div>\n\t\t\t\t\t\t<\/div>\n\t\t\t\t\t\t<\/div>\n\t\t\t\t<\/div>\n\t\t\t\t\t<\/div>\n\t\t<\/div>\n\t\t\t\t<div class=\"elementor-column elementor-col-33 elementor-top-column elementor-element elementor-element-b664ede\" data-id=\"b664ede\" data-element_type=\"column\" data-e-type=\"column\">\n\t\t\t<div class=\"elementor-widget-wrap elementor-element-populated\">\n\t\t\t\t\t\t<div class=\"elementor-element elementor-element-0321b9b elementor-cta--skin-cover elementor-animated-content elementor-bg-transform elementor-bg-transform-zoom-in elementor-widget elementor-widget-call-to-action\" data-id=\"0321b9b\" data-element_type=\"widget\" data-e-type=\"widget\" data-widget_type=\"call-to-action.default\">\n\t\t\t\t<div class=\"elementor-widget-container\">\n\t\t\t\t\t\t\t<div class=\"elementor-cta\">\n\t\t\t\t\t<div class=\"elementor-cta__bg-wrapper\">\n\t\t\t\t<div class=\"elementor-cta__bg elementor-bg\" style=\"background-image: url(https:\/\/www.tarn.educagri.fr\/flamarens\/wp-content\/uploads\/2023\/01\/Option-Gestion-de-la-Faune-Sauvage1-1024x819.jpg);\" role=\"img\" aria-label=\"MAP Semence\"><\/div>\n\t\t\t\t<div class=\"elementor-cta__bg-overlay\"><\/div>\n\t\t\t<\/div>\n\t\t\t\t\t\t\t<div class=\"elementor-cta__content\">\n\t\t\t\t\n\t\t\t\t\t\t\t\t\t<h2 class=\"elementor-cta__title elementor-cta__content-item elementor-content-item elementor-animated-item--grow\">\n\t\t\t\t\t\tPlus d'infos\t\t\t\t\t<\/h2>\n\t\t\t\t\n\t\t\t\t\n\t\t\t\t\t\t\t\t\t<div class=\"elementor-cta__button-wrapper elementor-cta__content-item elementor-content-item elementor-animated-item--grow\">\n\t\t\t\t\t<a class=\"elementor-cta__button elementor-button elementor-size-\">\n\t\t\t\t\t\t\u00e0 venir\t\t\t\t\t<\/a>\n\t\t\t\t\t<\/div>\n\t\t\t\t\t\t\t<\/div>\n\t\t\t\t\t\t<\/div>\n\t\t\t\t\t\t<\/div>\n\t\t\t\t<\/div>\n\t\t\t\t\t<\/div>\n\t\t<\/div>\n\t\t\t\t<div class=\"elementor-column elementor-col-33 elementor-top-column elementor-element elementor-element-34e2a4f\" data-id=\"34e2a4f\" data-element_type=\"column\" data-e-type=\"column\">\n\t\t\t<div class=\"elementor-widget-wrap elementor-element-populated\">\n\t\t\t\t\t\t<div class=\"elementor-element elementor-element-163307b elementor-widget elementor-widget-text-editor\" data-id=\"163307b\" data-element_type=\"widget\" data-e-type=\"widget\" data-widget_type=\"text-editor.default\">\n\t\t\t\t<div class=\"elementor-widget-container\">\n\t\t\t\t\t\t\t\t\t<p><strong>Mars 2025<\/strong> : France 3 Tarn a suivi nos \u00e9l\u00e8ves de l&rsquo;option chiens de troupeau sur la piste du loup avec l&rsquo;OFB.<\/p><p><a href=\"https:\/\/france3-regions.francetvinfo.fr\/occitanie\/programmes\/france-3_occitanie_ici-19-20-tarn\">https:\/\/france3-regions.francetvinfo.fr\/occitanie\/programmes\/france-3_occitanie_ici-19-20-tarn<\/a><\/p><p>(\u00e0 partir de 2 min 26)<\/p>\t\t\t\t\t\t\t\t<\/div>\n\t\t\t\t<\/div>\n\t\t\t\t\t<\/div>\n\t\t<\/div>\n\t\t\t\t\t<\/div>\n\t\t<\/section>\n\t\t\t\t<\/div>\n\t\t","protected":false},"excerpt":{"rendered":"<p>Plus d&rsquo;infos Cliquer ici Plus d&rsquo;infos Cliquer ici Plus d&rsquo;infos Cliquer ici Plus d&rsquo;infos Cliquer ici Plus d&rsquo;infos \u00e0 venir Mars 2025 : France 3&hellip;<\/p>\n","protected":false},"author":1,"featured_media":0,"parent":0,"menu_order":0,"comment_status":"closed","ping_status":"closed","template":"","meta":{"footnotes":""},"class_list":["post-4134","page","type-page","status-publish","hentry"],"yoast_head":"<!-- This site is optimized with the Yoast SEO plugin v27.3 - https:\/\/yoast.com\/product\/yoast-seo-wordpress\/ -->\n<title>Options et sp\u00e9cialit\u00e9es - Lyc\u00e9e Flamarens Lavaur<\/title>\n<meta name=\"robots\" content=\"index, follow, max-snippet:-1, max-image-preview:large, max-video-preview:-1\" \/>\n<link rel=\"canonical\" href=\"https:\/\/www.tarn.educagri.fr\/flamarens\/options\/\" \/>\n<meta property=\"og:locale\" content=\"fr_FR\" \/>\n<meta property=\"og:type\" content=\"article\" \/>\n<meta property=\"og:title\" content=\"Options et sp\u00e9cialit\u00e9es - Lyc\u00e9e Flamarens Lavaur\" \/>\n<meta property=\"og:description\" content=\"Plus d&rsquo;infos Cliquer ici Plus d&rsquo;infos Cliquer ici Plus d&rsquo;infos Cliquer ici Plus d&rsquo;infos Cliquer ici Plus d&rsquo;infos \u00e0 venir Mars 2025 : France 3&hellip;\" \/>\n<meta property=\"og:url\" content=\"https:\/\/www.tarn.educagri.fr\/flamarens\/options\/\" \/>\n<meta property=\"og:site_name\" content=\"Lyc\u00e9e Flamarens Lavaur\" \/>\n<meta property=\"article:modified_time\" content=\"2025-03-27T10:11:56+00:00\" \/>\n<meta name=\"twitter:card\" content=\"summary_large_image\" \/>\n<meta name=\"twitter:label1\" content=\"Dur\u00e9e de lecture estim\u00e9e\" \/>\n\t<meta name=\"twitter:data1\" content=\"1 minute\" \/>\n<script type=\"application\/ld+json\" class=\"yoast-schema-graph\">{\"@context\":\"https:\\\/\\\/schema.org\",\"@graph\":[{\"@type\":\"WebPage\",\"@id\":\"https:\\\/\\\/www.tarn.educagri.fr\\\/flamarens\\\/options\\\/\",\"url\":\"https:\\\/\\\/www.tarn.educagri.fr\\\/flamarens\\\/options\\\/\",\"name\":\"Options et sp\u00e9cialit\u00e9es - Lyc\u00e9e Flamarens Lavaur\",\"isPartOf\":{\"@id\":\"https:\\\/\\\/www.tarn.educagri.fr\\\/flamarens\\\/#website\"},\"datePublished\":\"2020-10-16T11:59:09+00:00\",\"dateModified\":\"2025-03-27T10:11:56+00:00\",\"breadcrumb\":{\"@id\":\"https:\\\/\\\/www.tarn.educagri.fr\\\/flamarens\\\/options\\\/#breadcrumb\"},\"inLanguage\":\"fr-FR\",\"potentialAction\":[{\"@type\":\"ReadAction\",\"target\":[\"https:\\\/\\\/www.tarn.educagri.fr\\\/flamarens\\\/options\\\/\"]}]},{\"@type\":\"BreadcrumbList\",\"@id\":\"https:\\\/\\\/www.tarn.educagri.fr\\\/flamarens\\\/options\\\/#breadcrumb\",\"itemListElement\":[{\"@type\":\"ListItem\",\"position\":1,\"name\":\"Accueil\",\"item\":\"https:\\\/\\\/www.tarn.educagri.fr\\\/flamarens\\\/\"},{\"@type\":\"ListItem\",\"position\":2,\"name\":\"Options et sp\u00e9cialit\u00e9es\"}]},{\"@type\":\"WebSite\",\"@id\":\"https:\\\/\\\/www.tarn.educagri.fr\\\/flamarens\\\/#website\",\"url\":\"https:\\\/\\\/www.tarn.educagri.fr\\\/flamarens\\\/\",\"name\":\"Lyc\u00e9e Flamarens Lavaur\",\"description\":\"Le campus des possibles\",\"publisher\":{\"@id\":\"https:\\\/\\\/www.tarn.educagri.fr\\\/flamarens\\\/#organization\"},\"potentialAction\":[{\"@type\":\"SearchAction\",\"target\":{\"@type\":\"EntryPoint\",\"urlTemplate\":\"https:\\\/\\\/www.tarn.educagri.fr\\\/flamarens\\\/?s={search_term_string}\"},\"query-input\":{\"@type\":\"PropertyValueSpecification\",\"valueRequired\":true,\"valueName\":\"search_term_string\"}}],\"inLanguage\":\"fr-FR\"},{\"@type\":\"Organization\",\"@id\":\"https:\\\/\\\/www.tarn.educagri.fr\\\/flamarens\\\/#organization\",\"name\":\"Etablissement agro environnemental du Tarn\",\"url\":\"https:\\\/\\\/www.tarn.educagri.fr\\\/flamarens\\\/\",\"logo\":{\"@type\":\"ImageObject\",\"inLanguage\":\"fr-FR\",\"@id\":\"https:\\\/\\\/www.tarn.educagri.fr\\\/flamarens\\\/#\\\/schema\\\/logo\\\/image\\\/\",\"url\":\"https:\\\/\\\/www.tarn.educagri.fr\\\/flamarens\\\/wp-content\\\/uploads\\\/2018\\\/05\\\/logo-EPl.jpg\",\"contentUrl\":\"https:\\\/\\\/www.tarn.educagri.fr\\\/flamarens\\\/wp-content\\\/uploads\\\/2018\\\/05\\\/logo-EPl.jpg\",\"width\":624,\"height\":624,\"caption\":\"Etablissement agro environnemental du Tarn\"},\"image\":{\"@id\":\"https:\\\/\\\/www.tarn.educagri.fr\\\/flamarens\\\/#\\\/schema\\\/logo\\\/image\\\/\"}}]}<\/script>\n<!-- \/ Yoast SEO plugin. -->","yoast_head_json":{"title":"Options et sp\u00e9cialit\u00e9es - Lyc\u00e9e Flamarens Lavaur","robots":{"index":"index","follow":"follow","max-snippet":"max-snippet:-1","max-image-preview":"max-image-preview:large","max-video-preview":"max-video-preview:-1"},"canonical":"https:\/\/www.tarn.educagri.fr\/flamarens\/options\/","og_locale":"fr_FR","og_type":"article","og_title":"Options et sp\u00e9cialit\u00e9es - Lyc\u00e9e Flamarens Lavaur","og_description":"Plus d&rsquo;infos Cliquer ici Plus d&rsquo;infos Cliquer ici Plus d&rsquo;infos Cliquer ici Plus d&rsquo;infos Cliquer ici Plus d&rsquo;infos \u00e0 venir Mars 2025 : France 3&hellip;","og_url":"https:\/\/www.tarn.educagri.fr\/flamarens\/options\/","og_site_name":"Lyc\u00e9e Flamarens Lavaur","article_modified_time":"2025-03-27T10:11:56+00:00","twitter_card":"summary_large_image","twitter_misc":{"Dur\u00e9e de lecture estim\u00e9e":"1 minute"},"schema":{"@context":"https:\/\/schema.org","@graph":[{"@type":"WebPage","@id":"https:\/\/www.tarn.educagri.fr\/flamarens\/options\/","url":"https:\/\/www.tarn.educagri.fr\/flamarens\/options\/","name":"Options et sp\u00e9cialit\u00e9es - Lyc\u00e9e Flamarens Lavaur","isPartOf":{"@id":"https:\/\/www.tarn.educagri.fr\/flamarens\/#website"},"datePublished":"2020-10-16T11:59:09+00:00","dateModified":"2025-03-27T10:11:56+00:00","breadcrumb":{"@id":"https:\/\/www.tarn.educagri.fr\/flamarens\/options\/#breadcrumb"},"inLanguage":"fr-FR","potentialAction":[{"@type":"ReadAction","target":["https:\/\/www.tarn.educagri.fr\/flamarens\/options\/"]}]},{"@type":"BreadcrumbList","@id":"https:\/\/www.tarn.educagri.fr\/flamarens\/options\/#breadcrumb","itemListElement":[{"@type":"ListItem","position":1,"name":"Accueil","item":"https:\/\/www.tarn.educagri.fr\/flamarens\/"},{"@type":"ListItem","position":2,"name":"Options et sp\u00e9cialit\u00e9es"}]},{"@type":"WebSite","@id":"https:\/\/www.tarn.educagri.fr\/flamarens\/#website","url":"https:\/\/www.tarn.educagri.fr\/flamarens\/","name":"Lyc\u00e9e Flamarens Lavaur","description":"Le campus des possibles","publisher":{"@id":"https:\/\/www.tarn.educagri.fr\/flamarens\/#organization"},"potentialAction":[{"@type":"SearchAction","target":{"@type":"EntryPoint","urlTemplate":"https:\/\/www.tarn.educagri.fr\/flamarens\/?s={search_term_string}"},"query-input":{"@type":"PropertyValueSpecification","valueRequired":true,"valueName":"search_term_string"}}],"inLanguage":"fr-FR"},{"@type":"Organization","@id":"https:\/\/www.tarn.educagri.fr\/flamarens\/#organization","name":"Etablissement agro environnemental du Tarn","url":"https:\/\/www.tarn.educagri.fr\/flamarens\/","logo":{"@type":"ImageObject","inLanguage":"fr-FR","@id":"https:\/\/www.tarn.educagri.fr\/flamarens\/#\/schema\/logo\/image\/","url":"https:\/\/www.tarn.educagri.fr\/flamarens\/wp-content\/uploads\/2018\/05\/logo-EPl.jpg","contentUrl":"https:\/\/www.tarn.educagri.fr\/flamarens\/wp-content\/uploads\/2018\/05\/logo-EPl.jpg","width":624,"height":624,"caption":"Etablissement agro environnemental du Tarn"},"image":{"@id":"https:\/\/www.tarn.educagri.fr\/flamarens\/#\/schema\/logo\/image\/"}}]}},"_links":{"self":[{"href":"https:\/\/www.tarn.educagri.fr\/flamarens\/wp-json\/wp\/v2\/pages\/4134","targetHints":{"allow":["GET"]}}],"collection":[{"href":"https:\/\/www.tarn.educagri.fr\/flamarens\/wp-json\/wp\/v2\/pages"}],"about":[{"href":"https:\/\/www.tarn.educagri.fr\/flamarens\/wp-json\/wp\/v2\/types\/page"}],"author":[{"embeddable":true,"href":"https:\/\/www.tarn.educagri.fr\/flamarens\/wp-json\/wp\/v2\/users\/1"}],"replies":[{"embeddable":true,"href":"https:\/\/www.tarn.educagri.fr\/flamarens\/wp-json\/wp\/v2\/comments?post=4134"}],"version-history":[{"count":82,"href":"https:\/\/www.tarn.educagri.fr\/flamarens\/wp-json\/wp\/v2\/pages\/4134\/revisions"}],"predecessor-version":[{"id":6747,"href":"https:\/\/www.tarn.educagri.fr\/flamarens\/wp-json\/wp\/v2\/pages\/4134\/revisions\/6747"}],"wp:attachment":[{"href":"https:\/\/www.tarn.educagri.fr\/flamarens\/wp-json\/wp\/v2\/media?parent=4134"}],"curies":[{"name":"wp","href":"https:\/\/api.w.org\/{rel}","templated":true}]}}