{"id":1977,"date":"2019-01-17T15:36:40","date_gmt":"2019-01-17T14:36:40","guid":{"rendered":"https:\/\/www.tarn.educagri.fr\/fonlabour\/wp\/?page_id=1977"},"modified":"2021-05-27T13:58:34","modified_gmt":"2021-05-27T12:58:34","slug":"politique-de-confidentialite","status":"publish","type":"page","link":"https:\/\/www.tarn.educagri.fr\/fonlabour\/politique-de-confidentialite\/","title":{"rendered":"Politique de confidentialit\u00e9"},"content":{"rendered":"\t\t<div data-elementor-type=\"wp-post\" data-elementor-id=\"1977\" class=\"elementor elementor-1977\" data-elementor-post-type=\"page\">\n\t\t\t\t\t\t<section class=\"elementor-section elementor-top-section elementor-element elementor-element-5c24890d elementor-section-boxed elementor-section-height-default elementor-section-height-default\" data-id=\"5c24890d\" data-element_type=\"section\" data-e-type=\"section\">\n\t\t\t\t\t\t<div class=\"elementor-container elementor-column-gap-default\">\n\t\t\t\t\t<div class=\"elementor-column elementor-col-100 elementor-top-column elementor-element elementor-element-f740d21\" data-id=\"f740d21\" data-element_type=\"column\" data-e-type=\"column\">\n\t\t\t<div class=\"elementor-widget-wrap elementor-element-populated\">\n\t\t\t\t\t\t<div class=\"elementor-element elementor-element-7605f4f3 elementor-widget elementor-widget-text-editor\" data-id=\"7605f4f3\" data-element_type=\"widget\" data-e-type=\"widget\" data-widget_type=\"text-editor.default\">\n\t\t\t\t<div class=\"elementor-widget-container\">\n\t\t\t\t\t\t\t\t\t<p><\/p>\n<h2 class=\"wp-block-heading\">Qui sommes-nous\u00a0?<\/h2>\n<p><\/p>\n<p>L\u2019adresse de notre site Web est\u00a0: https:\/\/www.tarn.educagri.fr\/fonlabour<\/p>\n<p><\/p>\n<h2 class=\"wp-block-heading\">Utilisation des donn\u00e9es personnelles collect\u00e9es<\/h2>\n<h4>Donn\u00e9es collect\u00e9es via les formulaires de contacts<\/h4>\n<p>Les donn\u00e9es personnelles enregistr\u00e9es sont utilis\u00e9es pour vous contacter dans le cadre de projets d&rsquo;orientation, \u00e0 des fins d&rsquo;inscription \u00e0 des manifestations ou pour permettre aux apprenants de r\u00e9aliser leur inscription ou leur r\u00e9inscription administrative en ligne. Les donn\u00e9es \u00e0 caract\u00e8re personnel trait\u00e9es ici sont conserv\u00e9es pendant la dur\u00e9e d\u2019utilit\u00e9 administrative.<\/p>\n<h4>Google Analytics<\/h4>\n<p>En cas de consentement nous utilisons les donn\u00e9es fournies par ce service afin d&rsquo;am\u00e9liorer notre site internet ainsi que sa visibilit\u00e9.<\/p>\n<p><\/p>\n<h4 class=\"wp-block-heading\">Contenu embarqu\u00e9 depuis d\u2019autres sites<\/h4>\n<p><\/p>\n<p>Les articles de ce site peuvent inclure des contenus int\u00e9gr\u00e9s (par exemple des vid\u00e9os, images, articles\u2026). Le contenu int\u00e9gr\u00e9 depuis d\u2019autres sites se comporte de la m\u00eame mani\u00e8re que si le visiteur se rendait sur cet autre site.<\/p>\n<p><\/p>\n<p>Ces sites web pourraient collecter des donn\u00e9es sur vous, utiliser des cookies, embarquer des outils de suivis tiers, suivre vos interactions avec ces contenus embarqu\u00e9s si vous disposez d\u2019un compte connect\u00e9 sur leur site web.<\/p>\n<p>\u00a0<\/p>\n<p><\/p>\t\t\t\t\t\t\t\t<\/div>\n\t\t\t\t<\/div>\n\t\t\t\t\t<\/div>\n\t\t<\/div>\n\t\t\t\t\t<\/div>\n\t\t<\/section>\n\t\t\t\t<section class=\"elementor-section elementor-top-section elementor-element elementor-element-55ed131 elementor-section-boxed elementor-section-height-default elementor-section-height-default\" data-id=\"55ed131\" data-element_type=\"section\" data-e-type=\"section\">\n\t\t\t\t\t\t<div class=\"elementor-container elementor-column-gap-default\">\n\t\t\t\t\t<div class=\"elementor-column elementor-col-100 elementor-top-column elementor-element elementor-element-f7568af\" data-id=\"f7568af\" data-element_type=\"column\" data-e-type=\"column\">\n\t\t\t<div class=\"elementor-widget-wrap elementor-element-populated\">\n\t\t\t\t\t\t<div class=\"elementor-element elementor-element-df8fae2 elementor-widget elementor-widget-text-editor\" data-id=\"df8fae2\" data-element_type=\"widget\" data-e-type=\"widget\" data-widget_type=\"text-editor.default\">\n\t\t\t\t<div class=\"elementor-widget-container\">\n\t\t\t\t\t\t\t\t\t<h1>Mentions l\u00e9gales<\/h1>\n<h4>Editeur<\/h4>\n<p class=\"texte\">Etablissement Public Local d&rsquo;Enseignement et de Formation Professionnelle Agricole du Tarn<\/p>\n<p class=\"texte\">Route de Toulouse<br>81000 Albi<\/p>\n<p class=\"texte\">T\u00e9l\u00e9phone : 05 63 49 43 70<\/p>\n<p class=\"texte\">M\u00e9l : epl.tarn@educagri.fr<\/p>\n<p class=\"texte\">Responsable de la publication : Eric GAILLOCHON, Directeur<\/p>\n<h4>H\u00e9bergeur<\/h4>\n<div>\n<p class=\"texte\">OVH<\/p>\n<p class=\"texte\">SAS OVH, 2 rue Kellermann \u2013 59100 Roubaix \u2013 France<\/p>\n<p class=\"texte\">T\u00e9l\u00e9phone :1007<\/p>\n<h4>Donn\u00e9es \u00e0 caract\u00e8re personnel : droit d&rsquo;acc\u00e8s et de rectification<\/h4>\n<div>Conform\u00e9ment au R\u00e8glement G\u00e9n\u00e9ral sur la Protection des Donn\u00e9es (r\u00e8glement europ\u00e9en n\u00b02016-679-UE du 27 avril 2016) et \u00e0 la loi relative \u00e0 l\u2019informatique, aux fichiers et aux libert\u00e9s (loi n\u00b078-17 du 6 janvier 1978) modifi\u00e9e, vous disposez :<\/div>\n<div>&nbsp;<\/div>\n<div>Des droits d&rsquo;acc\u00e8s, de rectification et d\u2019effacement de vos donn\u00e9es \u00e0 caract\u00e8re personnel,<\/div>\n<div>Des droits de limitation et d\u2019opposition au traitement de vos donn\u00e9es \u00e0 caract\u00e8re personnel.<\/div>\n<div>&nbsp;<\/div>\n<div>Pour exercer ces droits et\/ou signaler toute anomalie, vous pouvez contacter le lyc\u00e9e Par ailleurs, vous pouvez, le cas \u00e9ch\u00e9ant, introduire une r\u00e9clamation aupr\u00e8s de la Commission Nationale de l\u2019Informatique et des Libert\u00e9s (www.cnil.fr).<\/div>\n<\/div>\t\t\t\t\t\t\t\t<\/div>\n\t\t\t\t<\/div>\n\t\t\t\t\t<\/div>\n\t\t<\/div>\n\t\t\t\t\t<\/div>\n\t\t<\/section>\n\t\t\t\t<\/div>\n\t\t","protected":false},"excerpt":{"rendered":"<p>Qui sommes-nous\u00a0? L\u2019adresse de notre site Web est\u00a0: https:\/\/www.tarn.educagri.fr\/fonlabour Utilisation des donn\u00e9es personnelles collect\u00e9es Donn\u00e9es collect\u00e9es via les formulaires de contacts Les donn\u00e9es personnelles enregistr\u00e9es&hellip;<\/p>\n","protected":false},"author":1,"featured_media":0,"parent":0,"menu_order":0,"comment_status":"closed","ping_status":"closed","template":"","meta":{"footnotes":""},"class_list":["post-1977","page","type-page","status-publish","hentry"],"yoast_head":"<!-- This site is optimized with the Yoast SEO plugin v27.3 - https:\/\/yoast.com\/product\/yoast-seo-wordpress\/ -->\n<title>Politique de confidentialit\u00e9 - Lyc\u00e9e Fonlabour Albi<\/title>\n<meta name=\"robots\" content=\"index, follow, max-snippet:-1, max-image-preview:large, max-video-preview:-1\" \/>\n<link rel=\"canonical\" href=\"https:\/\/www.tarn.educagri.fr\/fonlabour\/politique-de-confidentialite\/\" \/>\n<meta property=\"og:locale\" content=\"fr_FR\" \/>\n<meta property=\"og:type\" content=\"article\" \/>\n<meta property=\"og:title\" content=\"Politique de confidentialit\u00e9 - Lyc\u00e9e Fonlabour Albi\" \/>\n<meta property=\"og:description\" content=\"Qui sommes-nous\u00a0? L\u2019adresse de notre site Web est\u00a0: https:\/\/www.tarn.educagri.fr\/fonlabour Utilisation des donn\u00e9es personnelles collect\u00e9es Donn\u00e9es collect\u00e9es via les formulaires de contacts Les donn\u00e9es personnelles enregistr\u00e9es&hellip;\" \/>\n<meta property=\"og:url\" content=\"https:\/\/www.tarn.educagri.fr\/fonlabour\/politique-de-confidentialite\/\" \/>\n<meta property=\"og:site_name\" content=\"Lyc\u00e9e Fonlabour Albi\" \/>\n<meta property=\"article:publisher\" content=\"https:\/\/www.facebook.com\/CampusFonlabour\" \/>\n<meta property=\"article:modified_time\" content=\"2021-05-27T12:58:34+00:00\" \/>\n<meta name=\"twitter:card\" content=\"summary_large_image\" \/>\n<meta name=\"twitter:label1\" content=\"Dur\u00e9e de lecture estim\u00e9e\" \/>\n\t<meta name=\"twitter:data1\" content=\"2 minutes\" \/>\n<script type=\"application\/ld+json\" class=\"yoast-schema-graph\">{\"@context\":\"https:\\\/\\\/schema.org\",\"@graph\":[{\"@type\":\"WebPage\",\"@id\":\"https:\\\/\\\/www.tarn.educagri.fr\\\/fonlabour\\\/politique-de-confidentialite\\\/\",\"url\":\"https:\\\/\\\/www.tarn.educagri.fr\\\/fonlabour\\\/politique-de-confidentialite\\\/\",\"name\":\"Politique de confidentialit\u00e9 - Lyc\u00e9e Fonlabour Albi\",\"isPartOf\":{\"@id\":\"https:\\\/\\\/www.tarn.educagri.fr\\\/fonlabour\\\/#website\"},\"datePublished\":\"2019-01-17T14:36:40+00:00\",\"dateModified\":\"2021-05-27T12:58:34+00:00\",\"breadcrumb\":{\"@id\":\"https:\\\/\\\/www.tarn.educagri.fr\\\/fonlabour\\\/politique-de-confidentialite\\\/#breadcrumb\"},\"inLanguage\":\"fr-FR\",\"potentialAction\":[{\"@type\":\"ReadAction\",\"target\":[\"https:\\\/\\\/www.tarn.educagri.fr\\\/fonlabour\\\/politique-de-confidentialite\\\/\"]}]},{\"@type\":\"BreadcrumbList\",\"@id\":\"https:\\\/\\\/www.tarn.educagri.fr\\\/fonlabour\\\/politique-de-confidentialite\\\/#breadcrumb\",\"itemListElement\":[{\"@type\":\"ListItem\",\"position\":1,\"name\":\"Accueil\",\"item\":\"https:\\\/\\\/www.tarn.educagri.fr\\\/fonlabour\\\/\"},{\"@type\":\"ListItem\",\"position\":2,\"name\":\"Politique de confidentialit\u00e9\"}]},{\"@type\":\"WebSite\",\"@id\":\"https:\\\/\\\/www.tarn.educagri.fr\\\/fonlabour\\\/#website\",\"url\":\"https:\\\/\\\/www.tarn.educagri.fr\\\/fonlabour\\\/\",\"name\":\"Lyc\u00e9e Fonlabour Albi\",\"description\":\"Lyc\u00e9e g\u00e9n\u00e9ral technologique et professionnel\",\"publisher\":{\"@id\":\"https:\\\/\\\/www.tarn.educagri.fr\\\/fonlabour\\\/#organization\"},\"potentialAction\":[{\"@type\":\"SearchAction\",\"target\":{\"@type\":\"EntryPoint\",\"urlTemplate\":\"https:\\\/\\\/www.tarn.educagri.fr\\\/fonlabour\\\/?s={search_term_string}\"},\"query-input\":{\"@type\":\"PropertyValueSpecification\",\"valueRequired\":true,\"valueName\":\"search_term_string\"}}],\"inLanguage\":\"fr-FR\"},{\"@type\":\"Organization\",\"@id\":\"https:\\\/\\\/www.tarn.educagri.fr\\\/fonlabour\\\/#organization\",\"name\":\"Lyc\u00e9e agricole Albi-Fonlabour\",\"url\":\"https:\\\/\\\/www.tarn.educagri.fr\\\/fonlabour\\\/\",\"logo\":{\"@type\":\"ImageObject\",\"inLanguage\":\"fr-FR\",\"@id\":\"https:\\\/\\\/www.tarn.educagri.fr\\\/fonlabour\\\/#\\\/schema\\\/logo\\\/image\\\/\",\"url\":\"https:\\\/\\\/www.tarn.educagri.fr\\\/fonlabour\\\/wp-content\\\/uploads\\\/2020\\\/10\\\/logo-epl-tarn.png\",\"contentUrl\":\"https:\\\/\\\/www.tarn.educagri.fr\\\/fonlabour\\\/wp-content\\\/uploads\\\/2020\\\/10\\\/logo-epl-tarn.png\",\"width\":97,\"height\":114,\"caption\":\"Lyc\u00e9e agricole Albi-Fonlabour\"},\"image\":{\"@id\":\"https:\\\/\\\/www.tarn.educagri.fr\\\/fonlabour\\\/#\\\/schema\\\/logo\\\/image\\\/\"},\"sameAs\":[\"https:\\\/\\\/www.facebook.com\\\/CampusFonlabour\",\"https:\\\/\\\/www.youtube.com\\\/channel\\\/UCR7qUbpJIPoa387hGQpaIEA\"]}]}<\/script>\n<!-- \/ Yoast SEO plugin. -->","yoast_head_json":{"title":"Politique de confidentialit\u00e9 - Lyc\u00e9e Fonlabour Albi","robots":{"index":"index","follow":"follow","max-snippet":"max-snippet:-1","max-image-preview":"max-image-preview:large","max-video-preview":"max-video-preview:-1"},"canonical":"https:\/\/www.tarn.educagri.fr\/fonlabour\/politique-de-confidentialite\/","og_locale":"fr_FR","og_type":"article","og_title":"Politique de confidentialit\u00e9 - Lyc\u00e9e Fonlabour Albi","og_description":"Qui sommes-nous\u00a0? L\u2019adresse de notre site Web est\u00a0: https:\/\/www.tarn.educagri.fr\/fonlabour Utilisation des donn\u00e9es personnelles collect\u00e9es Donn\u00e9es collect\u00e9es via les formulaires de contacts Les donn\u00e9es personnelles enregistr\u00e9es&hellip;","og_url":"https:\/\/www.tarn.educagri.fr\/fonlabour\/politique-de-confidentialite\/","og_site_name":"Lyc\u00e9e Fonlabour Albi","article_publisher":"https:\/\/www.facebook.com\/CampusFonlabour","article_modified_time":"2021-05-27T12:58:34+00:00","twitter_card":"summary_large_image","twitter_misc":{"Dur\u00e9e de lecture estim\u00e9e":"2 minutes"},"schema":{"@context":"https:\/\/schema.org","@graph":[{"@type":"WebPage","@id":"https:\/\/www.tarn.educagri.fr\/fonlabour\/politique-de-confidentialite\/","url":"https:\/\/www.tarn.educagri.fr\/fonlabour\/politique-de-confidentialite\/","name":"Politique de confidentialit\u00e9 - Lyc\u00e9e Fonlabour Albi","isPartOf":{"@id":"https:\/\/www.tarn.educagri.fr\/fonlabour\/#website"},"datePublished":"2019-01-17T14:36:40+00:00","dateModified":"2021-05-27T12:58:34+00:00","breadcrumb":{"@id":"https:\/\/www.tarn.educagri.fr\/fonlabour\/politique-de-confidentialite\/#breadcrumb"},"inLanguage":"fr-FR","potentialAction":[{"@type":"ReadAction","target":["https:\/\/www.tarn.educagri.fr\/fonlabour\/politique-de-confidentialite\/"]}]},{"@type":"BreadcrumbList","@id":"https:\/\/www.tarn.educagri.fr\/fonlabour\/politique-de-confidentialite\/#breadcrumb","itemListElement":[{"@type":"ListItem","position":1,"name":"Accueil","item":"https:\/\/www.tarn.educagri.fr\/fonlabour\/"},{"@type":"ListItem","position":2,"name":"Politique de confidentialit\u00e9"}]},{"@type":"WebSite","@id":"https:\/\/www.tarn.educagri.fr\/fonlabour\/#website","url":"https:\/\/www.tarn.educagri.fr\/fonlabour\/","name":"Lyc\u00e9e Fonlabour Albi","description":"Lyc\u00e9e g\u00e9n\u00e9ral technologique et professionnel","publisher":{"@id":"https:\/\/www.tarn.educagri.fr\/fonlabour\/#organization"},"potentialAction":[{"@type":"SearchAction","target":{"@type":"EntryPoint","urlTemplate":"https:\/\/www.tarn.educagri.fr\/fonlabour\/?s={search_term_string}"},"query-input":{"@type":"PropertyValueSpecification","valueRequired":true,"valueName":"search_term_string"}}],"inLanguage":"fr-FR"},{"@type":"Organization","@id":"https:\/\/www.tarn.educagri.fr\/fonlabour\/#organization","name":"Lyc\u00e9e agricole Albi-Fonlabour","url":"https:\/\/www.tarn.educagri.fr\/fonlabour\/","logo":{"@type":"ImageObject","inLanguage":"fr-FR","@id":"https:\/\/www.tarn.educagri.fr\/fonlabour\/#\/schema\/logo\/image\/","url":"https:\/\/www.tarn.educagri.fr\/fonlabour\/wp-content\/uploads\/2020\/10\/logo-epl-tarn.png","contentUrl":"https:\/\/www.tarn.educagri.fr\/fonlabour\/wp-content\/uploads\/2020\/10\/logo-epl-tarn.png","width":97,"height":114,"caption":"Lyc\u00e9e agricole Albi-Fonlabour"},"image":{"@id":"https:\/\/www.tarn.educagri.fr\/fonlabour\/#\/schema\/logo\/image\/"},"sameAs":["https:\/\/www.facebook.com\/CampusFonlabour","https:\/\/www.youtube.com\/channel\/UCR7qUbpJIPoa387hGQpaIEA"]}]}},"_links":{"self":[{"href":"https:\/\/www.tarn.educagri.fr\/fonlabour\/wp-json\/wp\/v2\/pages\/1977","targetHints":{"allow":["GET"]}}],"collection":[{"href":"https:\/\/www.tarn.educagri.fr\/fonlabour\/wp-json\/wp\/v2\/pages"}],"about":[{"href":"https:\/\/www.tarn.educagri.fr\/fonlabour\/wp-json\/wp\/v2\/types\/page"}],"author":[{"embeddable":true,"href":"https:\/\/www.tarn.educagri.fr\/fonlabour\/wp-json\/wp\/v2\/users\/1"}],"replies":[{"embeddable":true,"href":"https:\/\/www.tarn.educagri.fr\/fonlabour\/wp-json\/wp\/v2\/comments?post=1977"}],"version-history":[{"count":16,"href":"https:\/\/www.tarn.educagri.fr\/fonlabour\/wp-json\/wp\/v2\/pages\/1977\/revisions"}],"predecessor-version":[{"id":6496,"href":"https:\/\/www.tarn.educagri.fr\/fonlabour\/wp-json\/wp\/v2\/pages\/1977\/revisions\/6496"}],"wp:attachment":[{"href":"https:\/\/www.tarn.educagri.fr\/fonlabour\/wp-json\/wp\/v2\/media?parent=1977"}],"curies":[{"name":"wp","href":"https:\/\/api.w.org\/{rel}","templated":true}]}}