{"id":441,"date":"2018-09-15T19:54:05","date_gmt":"2018-09-15T18:54:05","guid":{"rendered":"https:\/\/www.tarn.educagri.fr\/fonlabour\/wp\/?page_id=441"},"modified":"2025-10-24T08:57:34","modified_gmt":"2025-10-24T07:57:34","slug":"horticulture-maraichage","status":"publish","type":"page","link":"https:\/\/www.tarn.educagri.fr\/fonlabour\/horticulture-maraichage\/","title":{"rendered":"Horticulture, Mara\u00eechage"},"content":{"rendered":"\t\t<div data-elementor-type=\"wp-post\" data-elementor-id=\"441\" class=\"elementor elementor-441\" data-elementor-post-type=\"page\">\n\t\t\t\t\t\t<section class=\"elementor-section elementor-top-section elementor-element elementor-element-0af2b24 elementor-section-boxed elementor-section-height-default elementor-section-height-default\" data-id=\"0af2b24\" data-element_type=\"section\" data-e-type=\"section\" data-settings=\"{&quot;background_background&quot;:&quot;classic&quot;}\">\n\t\t\t\t\t\t<div class=\"elementor-container elementor-column-gap-default\">\n\t\t\t\t\t<div class=\"elementor-column elementor-col-50 elementor-top-column elementor-element elementor-element-d890a2b\" data-id=\"d890a2b\" data-element_type=\"column\" data-e-type=\"column\">\n\t\t\t<div class=\"elementor-widget-wrap elementor-element-populated\">\n\t\t\t\t\t\t<div class=\"elementor-element elementor-element-5ad54fc elementor-widget elementor-widget-heading\" data-id=\"5ad54fc\" data-element_type=\"widget\" data-e-type=\"widget\" data-widget_type=\"heading.default\">\n\t\t\t\t<div class=\"elementor-widget-container\">\n\t\t\t\t\t<h2 class=\"elementor-heading-title elementor-size-default\"><b>HORTICULTURE ET MARAICHAGE<\/b><\/h2>\t\t\t\t<\/div>\n\t\t\t\t<\/div>\n\t\t\t\t<div class=\"elementor-element elementor-element-d9e4c76 elementor-widget elementor-widget-text-editor\" data-id=\"d9e4c76\" data-element_type=\"widget\" data-e-type=\"widget\" data-widget_type=\"text-editor.default\">\n\t\t\t\t<div class=\"elementor-widget-container\">\n\t\t\t\t\t\t\t\t\t<p><b>Faites pousser vos projets !<\/b><\/p>\t\t\t\t\t\t\t\t<\/div>\n\t\t\t\t<\/div>\n\t\t\t\t<div class=\"elementor-element elementor-element-5e838c6 elementor-widget elementor-widget-text-editor\" data-id=\"5e838c6\" data-element_type=\"widget\" data-e-type=\"widget\" data-widget_type=\"text-editor.default\">\n\t\t\t\t<div class=\"elementor-widget-container\">\n\t\t\t\t\t\t\t\t\t<p>D\u00e9couvrez nos formations<\/p>\t\t\t\t\t\t\t\t<\/div>\n\t\t\t\t<\/div>\n\t\t\t\t\t<\/div>\n\t\t<\/div>\n\t\t\t\t<div class=\"elementor-column elementor-col-50 elementor-top-column elementor-element elementor-element-55d6e5c\" data-id=\"55d6e5c\" data-element_type=\"column\" data-e-type=\"column\">\n\t\t\t<div class=\"elementor-widget-wrap elementor-element-populated\">\n\t\t\t\t\t\t<div class=\"elementor-element elementor-element-98da385 elementor-widget elementor-widget-image\" data-id=\"98da385\" data-element_type=\"widget\" data-e-type=\"widget\" data-widget_type=\"image.default\">\n\t\t\t\t<div class=\"elementor-widget-container\">\n\t\t\t\t\t\t\t\t\t\t\t\t\t\t\t<img decoding=\"async\" src=\"https:\/\/www.tarn.educagri.fr\/fonlabour\/wp-content\/uploads\/elementor\/thumbs\/ph2-owh67uza9tqezps1apxmfil6ut4zuabcyf9rlaf0b4.jpg\" title=\"ph2\" alt=\"ph2\" loading=\"lazy\" \/>\t\t\t\t\t\t\t\t\t\t\t\t\t\t\t<\/div>\n\t\t\t\t<\/div>\n\t\t\t\t\t<\/div>\n\t\t<\/div>\n\t\t\t\t\t<\/div>\n\t\t<\/section>\n\t\t\t\t<section class=\"elementor-section elementor-top-section elementor-element elementor-element-c5c707c elementor-section-boxed elementor-section-height-default elementor-section-height-default\" data-id=\"c5c707c\" data-element_type=\"section\" data-e-type=\"section\">\n\t\t\t\t\t\t<div class=\"elementor-container elementor-column-gap-default\">\n\t\t\t\t\t<div class=\"elementor-column elementor-col-50 elementor-top-column elementor-element elementor-element-04987dc\" data-id=\"04987dc\" data-element_type=\"column\" data-e-type=\"column\">\n\t\t\t<div class=\"elementor-widget-wrap elementor-element-populated\">\n\t\t\t\t\t\t<div class=\"elementor-element elementor-element-5e85a49 elementor-cta--skin-classic elementor-animated-content elementor-bg-transform elementor-bg-transform-zoom-in elementor-widget elementor-widget-call-to-action\" data-id=\"5e85a49\" data-element_type=\"widget\" data-e-type=\"widget\" data-widget_type=\"call-to-action.default\">\n\t\t\t\t<div class=\"elementor-widget-container\">\n\t\t\t\t\t\t\t<div class=\"elementor-cta\">\n\t\t\t\t\t<div class=\"elementor-cta__bg-wrapper\">\n\t\t\t\t<div class=\"elementor-cta__bg elementor-bg\" style=\"background-image: url(https:\/\/www.tarn.educagri.fr\/fonlabour\/wp-content\/uploads\/2021\/02\/IMG_0763-768x512.jpg);\" role=\"img\" aria-label=\"magasin vente serres\"><\/div>\n\t\t\t\t<div class=\"elementor-cta__bg-overlay\"><\/div>\n\t\t\t<\/div>\n\t\t\t\t\t\t\t<div class=\"elementor-cta__content\">\n\t\t\t\t\n\t\t\t\t\t\t\t\t\t<h1 class=\"elementor-cta__title elementor-cta__content-item elementor-content-item\">\n\t\t\t\t\t\t<b>Bac Pro CPH<\/b><br>Conduite de Productions Horticoles\t\t\t\t\t<\/h1>\n\t\t\t\t\n\t\t\t\t\t\t\t\t\t<div class=\"elementor-cta__description elementor-cta__content-item elementor-content-item\">\n\t\t\t\t\t\t<br>La seconde professionnelle \"Conduite de Productions Horticoles\" est le point d'entr\u00e9e de ce Bac Pro en 3 ans.<br>La formation permet de comprendre le fonctionnement d\u2019une entreprise horticole. Elle permet d'acqu\u00e9rir des comp\u00e9tences sur les v\u00e9g\u00e9taux d\u2019ornement, les l\u00e9gumes et les processus de production.\t\t\t\t\t<\/div>\n\t\t\t\t\n\t\t\t\t\t\t\t\t\t<div class=\"elementor-cta__button-wrapper elementor-cta__content-item elementor-content-item \">\n\t\t\t\t\t<a class=\"elementor-cta__button elementor-button elementor-size-\" href=\"https:\/\/www.tarn.educagri.fr\/fonlabour\/wp-content\/uploads\/2023\/12\/Fiche_BAC_pro-CPH.pdf\" target=\"_blank\">\n\t\t\t\t\t\tPlus d'informations\t\t\t\t\t<\/a>\n\t\t\t\t\t<\/div>\n\t\t\t\t\t\t\t<\/div>\n\t\t\t\t\t\t\t<div class=\"elementor-ribbon\">\n\t\t\t\t<div class=\"elementor-ribbon-inner\">\n\t\t\t\t\tBAC\t\t\t\t<\/div>\n\t\t\t<\/div>\n\t\t\t\t<\/div>\n\t\t\t\t\t\t<\/div>\n\t\t\t\t<\/div>\n\t\t\t\t\t<\/div>\n\t\t<\/div>\n\t\t\t\t<div class=\"elementor-column elementor-col-50 elementor-top-column elementor-element elementor-element-380d6f9\" data-id=\"380d6f9\" data-element_type=\"column\" data-e-type=\"column\">\n\t\t\t<div class=\"elementor-widget-wrap elementor-element-populated\">\n\t\t\t\t\t\t<div class=\"elementor-element elementor-element-5bfad97 elementor-cta--layout-image-above elementor-cta--valign-top elementor-cta--skin-classic elementor-bg-transform elementor-bg-transform-zoom-in elementor-widget elementor-widget-call-to-action\" data-id=\"5bfad97\" data-element_type=\"widget\" data-e-type=\"widget\" data-widget_type=\"call-to-action.default\">\n\t\t\t\t<div class=\"elementor-widget-container\">\n\t\t\t\t\t\t\t<div class=\"elementor-cta\">\n\t\t\t\t\t<div class=\"elementor-cta__bg-wrapper\">\n\t\t\t\t<div class=\"elementor-cta__bg elementor-bg\" style=\"background-image: url(https:\/\/www.tarn.educagri.fr\/fonlabour\/wp-content\/uploads\/2021\/01\/IMG_0771-768x512.jpg);\" role=\"img\" aria-label=\"Option fleuristerie lyc\u00e9e agricole albi fonlabour\"><\/div>\n\t\t\t\t<div class=\"elementor-cta__bg-overlay\"><\/div>\n\t\t\t<\/div>\n\t\t\t\t\t\t\t<div class=\"elementor-cta__content\">\n\t\t\t\t\n\t\t\t\t\t\t\t\t\t<h2 class=\"elementor-cta__title elementor-cta__content-item elementor-content-item\">\n\t\t\t\t\t\tOption Fleuristerie\t\t\t\t\t<\/h2>\n\t\t\t\t\n\t\t\t\t\t\t\t\t\t<div class=\"elementor-cta__description elementor-cta__content-item elementor-content-item\">\n\t\t\t\t\t\tL\u2019enseignement \u00ab Fleuristerie \u00bb est un enseignement\noptionnel propor\u00e9 \u00e0 l'ensemble des \u00e9l\u00e8ves de la\n3\u00e8me \u00e0 la Terminale\t\t\t\t\t<\/div>\n\t\t\t\t\n\t\t\t\t\t\t\t\t\t<div class=\"elementor-cta__button-wrapper elementor-cta__content-item elementor-content-item \">\n\t\t\t\t\t<a class=\"elementor-cta__button elementor-button elementor-size-\" href=\"https:\/\/www.tarn.educagri.fr\/fonlabour\/wp-content\/uploads\/2025\/10\/Option-fleuristerie-web-1.pdf\" target=\"_blank\">\n\t\t\t\t\t\tPlus d'informations\t\t\t\t\t<\/a>\n\t\t\t\t\t<\/div>\n\t\t\t\t\t\t\t<\/div>\n\t\t\t\t\t\t<\/div>\n\t\t\t\t\t\t<\/div>\n\t\t\t\t<\/div>\n\t\t\t\t\t<\/div>\n\t\t<\/div>\n\t\t\t\t\t<\/div>\n\t\t<\/section>\n\t\t\t\t<\/div>\n\t\t","protected":false},"excerpt":{"rendered":"<p>HORTICULTURE ET MARAICHAGE Faites pousser vos projets ! D\u00e9couvrez nos formations Bac Pro CPHConduite de Productions Horticoles La seconde professionnelle \u00ab\u00a0Conduite de Productions Horticoles\u00a0\u00bb est&hellip;<\/p>\n","protected":false},"author":13,"featured_media":0,"parent":0,"menu_order":0,"comment_status":"closed","ping_status":"closed","template":"","meta":{"footnotes":""},"class_list":["post-441","page","type-page","status-publish","hentry"],"yoast_head":"<!-- This site is optimized with the Yoast SEO plugin v27.5 - https:\/\/yoast.com\/product\/yoast-seo-wordpress\/ -->\n<title>Horticulture, Mara\u00eechage - Lyc\u00e9e Fonlabour Albi<\/title>\n<meta name=\"description\" content=\"Formations : Bac Pro Conduite de Productions Horticoles, BTSA Analyse Conduite et Strat\u00e9giede l&#039;Entreprise Agricole, dans le Tarn.\" \/>\n<meta name=\"robots\" content=\"index, follow, max-snippet:-1, max-image-preview:large, max-video-preview:-1\" \/>\n<link rel=\"canonical\" href=\"https:\/\/www.tarn.educagri.fr\/fonlabour\/horticulture-maraichage\/\" \/>\n<meta property=\"og:locale\" content=\"fr_FR\" \/>\n<meta property=\"og:type\" content=\"article\" \/>\n<meta property=\"og:title\" content=\"Horticulture, Mara\u00eechage - Lyc\u00e9e Fonlabour Albi\" \/>\n<meta property=\"og:description\" content=\"Formations : Bac Pro Conduite de Productions Horticoles, BTSA Analyse Conduite et Strat\u00e9giede l&#039;Entreprise Agricole, dans le Tarn.\" \/>\n<meta property=\"og:url\" content=\"https:\/\/www.tarn.educagri.fr\/fonlabour\/horticulture-maraichage\/\" \/>\n<meta property=\"og:site_name\" content=\"Lyc\u00e9e Fonlabour Albi\" \/>\n<meta property=\"article:publisher\" content=\"https:\/\/www.facebook.com\/CampusFonlabour\" \/>\n<meta property=\"article:modified_time\" content=\"2025-10-24T07:57:34+00:00\" \/>\n<meta property=\"og:image\" content=\"https:\/\/www.tarn.educagri.fr\/fonlabour\/wp-content\/uploads\/elementor\/thumbs\/ph2-owh67uza9tqezps1apxmfil6ut4zuabcyf9rlaf0b4.jpg\" \/>\n<meta name=\"twitter:card\" content=\"summary_large_image\" \/>\n<meta name=\"twitter:label1\" content=\"Dur\u00e9e de lecture estim\u00e9e\" \/>\n\t<meta name=\"twitter:data1\" content=\"1 minute\" \/>\n<script type=\"application\/ld+json\" class=\"yoast-schema-graph\">{\"@context\":\"https:\\\/\\\/schema.org\",\"@graph\":[{\"@type\":\"WebPage\",\"@id\":\"https:\\\/\\\/www.tarn.educagri.fr\\\/fonlabour\\\/horticulture-maraichage\\\/\",\"url\":\"https:\\\/\\\/www.tarn.educagri.fr\\\/fonlabour\\\/horticulture-maraichage\\\/\",\"name\":\"Horticulture, Mara\u00eechage - Lyc\u00e9e Fonlabour Albi\",\"isPartOf\":{\"@id\":\"https:\\\/\\\/www.tarn.educagri.fr\\\/fonlabour\\\/#website\"},\"primaryImageOfPage\":{\"@id\":\"https:\\\/\\\/www.tarn.educagri.fr\\\/fonlabour\\\/horticulture-maraichage\\\/#primaryimage\"},\"image\":{\"@id\":\"https:\\\/\\\/www.tarn.educagri.fr\\\/fonlabour\\\/horticulture-maraichage\\\/#primaryimage\"},\"thumbnailUrl\":\"https:\\\/\\\/www.tarn.educagri.fr\\\/fonlabour\\\/wp-content\\\/uploads\\\/elementor\\\/thumbs\\\/ph2-owh67uza9tqezps1apxmfil6ut4zuabcyf9rlaf0b4.jpg\",\"datePublished\":\"2018-09-15T18:54:05+00:00\",\"dateModified\":\"2025-10-24T07:57:34+00:00\",\"description\":\"Formations : Bac Pro Conduite de Productions Horticoles, BTSA Analyse Conduite et Strat\u00e9giede l'Entreprise Agricole, dans le Tarn.\",\"breadcrumb\":{\"@id\":\"https:\\\/\\\/www.tarn.educagri.fr\\\/fonlabour\\\/horticulture-maraichage\\\/#breadcrumb\"},\"inLanguage\":\"fr-FR\",\"potentialAction\":[{\"@type\":\"ReadAction\",\"target\":[\"https:\\\/\\\/www.tarn.educagri.fr\\\/fonlabour\\\/horticulture-maraichage\\\/\"]}]},{\"@type\":\"ImageObject\",\"inLanguage\":\"fr-FR\",\"@id\":\"https:\\\/\\\/www.tarn.educagri.fr\\\/fonlabour\\\/horticulture-maraichage\\\/#primaryimage\",\"url\":\"https:\\\/\\\/www.tarn.educagri.fr\\\/fonlabour\\\/wp-content\\\/uploads\\\/elementor\\\/thumbs\\\/ph2-owh67uza9tqezps1apxmfil6ut4zuabcyf9rlaf0b4.jpg\",\"contentUrl\":\"https:\\\/\\\/www.tarn.educagri.fr\\\/fonlabour\\\/wp-content\\\/uploads\\\/elementor\\\/thumbs\\\/ph2-owh67uza9tqezps1apxmfil6ut4zuabcyf9rlaf0b4.jpg\"},{\"@type\":\"BreadcrumbList\",\"@id\":\"https:\\\/\\\/www.tarn.educagri.fr\\\/fonlabour\\\/horticulture-maraichage\\\/#breadcrumb\",\"itemListElement\":[{\"@type\":\"ListItem\",\"position\":1,\"name\":\"Accueil\",\"item\":\"https:\\\/\\\/www.tarn.educagri.fr\\\/fonlabour\\\/\"},{\"@type\":\"ListItem\",\"position\":2,\"name\":\"Horticulture, Mara\u00eechage\"}]},{\"@type\":\"WebSite\",\"@id\":\"https:\\\/\\\/www.tarn.educagri.fr\\\/fonlabour\\\/#website\",\"url\":\"https:\\\/\\\/www.tarn.educagri.fr\\\/fonlabour\\\/\",\"name\":\"Lyc\u00e9e Fonlabour Albi\",\"description\":\"Lyc\u00e9e g\u00e9n\u00e9ral technologique et professionnel\",\"publisher\":{\"@id\":\"https:\\\/\\\/www.tarn.educagri.fr\\\/fonlabour\\\/#organization\"},\"potentialAction\":[{\"@type\":\"SearchAction\",\"target\":{\"@type\":\"EntryPoint\",\"urlTemplate\":\"https:\\\/\\\/www.tarn.educagri.fr\\\/fonlabour\\\/?s={search_term_string}\"},\"query-input\":{\"@type\":\"PropertyValueSpecification\",\"valueRequired\":true,\"valueName\":\"search_term_string\"}}],\"inLanguage\":\"fr-FR\"},{\"@type\":\"Organization\",\"@id\":\"https:\\\/\\\/www.tarn.educagri.fr\\\/fonlabour\\\/#organization\",\"name\":\"Lyc\u00e9e agricole Albi-Fonlabour\",\"url\":\"https:\\\/\\\/www.tarn.educagri.fr\\\/fonlabour\\\/\",\"logo\":{\"@type\":\"ImageObject\",\"inLanguage\":\"fr-FR\",\"@id\":\"https:\\\/\\\/www.tarn.educagri.fr\\\/fonlabour\\\/#\\\/schema\\\/logo\\\/image\\\/\",\"url\":\"https:\\\/\\\/www.tarn.educagri.fr\\\/fonlabour\\\/wp-content\\\/uploads\\\/2020\\\/10\\\/logo-epl-tarn.png\",\"contentUrl\":\"https:\\\/\\\/www.tarn.educagri.fr\\\/fonlabour\\\/wp-content\\\/uploads\\\/2020\\\/10\\\/logo-epl-tarn.png\",\"width\":97,\"height\":114,\"caption\":\"Lyc\u00e9e agricole Albi-Fonlabour\"},\"image\":{\"@id\":\"https:\\\/\\\/www.tarn.educagri.fr\\\/fonlabour\\\/#\\\/schema\\\/logo\\\/image\\\/\"},\"sameAs\":[\"https:\\\/\\\/www.facebook.com\\\/CampusFonlabour\",\"https:\\\/\\\/www.youtube.com\\\/channel\\\/UCR7qUbpJIPoa387hGQpaIEA\"]}]}<\/script>\n<!-- \/ Yoast SEO plugin. -->","yoast_head_json":{"title":"Horticulture, Mara\u00eechage - Lyc\u00e9e Fonlabour Albi","description":"Formations : Bac Pro Conduite de Productions Horticoles, BTSA Analyse Conduite et Strat\u00e9giede l'Entreprise Agricole, dans le Tarn.","robots":{"index":"index","follow":"follow","max-snippet":"max-snippet:-1","max-image-preview":"max-image-preview:large","max-video-preview":"max-video-preview:-1"},"canonical":"https:\/\/www.tarn.educagri.fr\/fonlabour\/horticulture-maraichage\/","og_locale":"fr_FR","og_type":"article","og_title":"Horticulture, Mara\u00eechage - Lyc\u00e9e Fonlabour Albi","og_description":"Formations : Bac Pro Conduite de Productions Horticoles, BTSA Analyse Conduite et Strat\u00e9giede l'Entreprise Agricole, dans le Tarn.","og_url":"https:\/\/www.tarn.educagri.fr\/fonlabour\/horticulture-maraichage\/","og_site_name":"Lyc\u00e9e Fonlabour Albi","article_publisher":"https:\/\/www.facebook.com\/CampusFonlabour","article_modified_time":"2025-10-24T07:57:34+00:00","og_image":[{"url":"https:\/\/www.tarn.educagri.fr\/fonlabour\/wp-content\/uploads\/elementor\/thumbs\/ph2-owh67uza9tqezps1apxmfil6ut4zuabcyf9rlaf0b4.jpg","type":"","width":"","height":""}],"twitter_card":"summary_large_image","twitter_misc":{"Dur\u00e9e de lecture estim\u00e9e":"1 minute"},"schema":{"@context":"https:\/\/schema.org","@graph":[{"@type":"WebPage","@id":"https:\/\/www.tarn.educagri.fr\/fonlabour\/horticulture-maraichage\/","url":"https:\/\/www.tarn.educagri.fr\/fonlabour\/horticulture-maraichage\/","name":"Horticulture, Mara\u00eechage - Lyc\u00e9e Fonlabour Albi","isPartOf":{"@id":"https:\/\/www.tarn.educagri.fr\/fonlabour\/#website"},"primaryImageOfPage":{"@id":"https:\/\/www.tarn.educagri.fr\/fonlabour\/horticulture-maraichage\/#primaryimage"},"image":{"@id":"https:\/\/www.tarn.educagri.fr\/fonlabour\/horticulture-maraichage\/#primaryimage"},"thumbnailUrl":"https:\/\/www.tarn.educagri.fr\/fonlabour\/wp-content\/uploads\/elementor\/thumbs\/ph2-owh67uza9tqezps1apxmfil6ut4zuabcyf9rlaf0b4.jpg","datePublished":"2018-09-15T18:54:05+00:00","dateModified":"2025-10-24T07:57:34+00:00","description":"Formations : Bac Pro Conduite de Productions Horticoles, BTSA Analyse Conduite et Strat\u00e9giede l'Entreprise Agricole, dans le Tarn.","breadcrumb":{"@id":"https:\/\/www.tarn.educagri.fr\/fonlabour\/horticulture-maraichage\/#breadcrumb"},"inLanguage":"fr-FR","potentialAction":[{"@type":"ReadAction","target":["https:\/\/www.tarn.educagri.fr\/fonlabour\/horticulture-maraichage\/"]}]},{"@type":"ImageObject","inLanguage":"fr-FR","@id":"https:\/\/www.tarn.educagri.fr\/fonlabour\/horticulture-maraichage\/#primaryimage","url":"https:\/\/www.tarn.educagri.fr\/fonlabour\/wp-content\/uploads\/elementor\/thumbs\/ph2-owh67uza9tqezps1apxmfil6ut4zuabcyf9rlaf0b4.jpg","contentUrl":"https:\/\/www.tarn.educagri.fr\/fonlabour\/wp-content\/uploads\/elementor\/thumbs\/ph2-owh67uza9tqezps1apxmfil6ut4zuabcyf9rlaf0b4.jpg"},{"@type":"BreadcrumbList","@id":"https:\/\/www.tarn.educagri.fr\/fonlabour\/horticulture-maraichage\/#breadcrumb","itemListElement":[{"@type":"ListItem","position":1,"name":"Accueil","item":"https:\/\/www.tarn.educagri.fr\/fonlabour\/"},{"@type":"ListItem","position":2,"name":"Horticulture, Mara\u00eechage"}]},{"@type":"WebSite","@id":"https:\/\/www.tarn.educagri.fr\/fonlabour\/#website","url":"https:\/\/www.tarn.educagri.fr\/fonlabour\/","name":"Lyc\u00e9e Fonlabour Albi","description":"Lyc\u00e9e g\u00e9n\u00e9ral technologique et professionnel","publisher":{"@id":"https:\/\/www.tarn.educagri.fr\/fonlabour\/#organization"},"potentialAction":[{"@type":"SearchAction","target":{"@type":"EntryPoint","urlTemplate":"https:\/\/www.tarn.educagri.fr\/fonlabour\/?s={search_term_string}"},"query-input":{"@type":"PropertyValueSpecification","valueRequired":true,"valueName":"search_term_string"}}],"inLanguage":"fr-FR"},{"@type":"Organization","@id":"https:\/\/www.tarn.educagri.fr\/fonlabour\/#organization","name":"Lyc\u00e9e agricole Albi-Fonlabour","url":"https:\/\/www.tarn.educagri.fr\/fonlabour\/","logo":{"@type":"ImageObject","inLanguage":"fr-FR","@id":"https:\/\/www.tarn.educagri.fr\/fonlabour\/#\/schema\/logo\/image\/","url":"https:\/\/www.tarn.educagri.fr\/fonlabour\/wp-content\/uploads\/2020\/10\/logo-epl-tarn.png","contentUrl":"https:\/\/www.tarn.educagri.fr\/fonlabour\/wp-content\/uploads\/2020\/10\/logo-epl-tarn.png","width":97,"height":114,"caption":"Lyc\u00e9e agricole Albi-Fonlabour"},"image":{"@id":"https:\/\/www.tarn.educagri.fr\/fonlabour\/#\/schema\/logo\/image\/"},"sameAs":["https:\/\/www.facebook.com\/CampusFonlabour","https:\/\/www.youtube.com\/channel\/UCR7qUbpJIPoa387hGQpaIEA"]}]}},"_links":{"self":[{"href":"https:\/\/www.tarn.educagri.fr\/fonlabour\/wp-json\/wp\/v2\/pages\/441","targetHints":{"allow":["GET"]}}],"collection":[{"href":"https:\/\/www.tarn.educagri.fr\/fonlabour\/wp-json\/wp\/v2\/pages"}],"about":[{"href":"https:\/\/www.tarn.educagri.fr\/fonlabour\/wp-json\/wp\/v2\/types\/page"}],"author":[{"embeddable":true,"href":"https:\/\/www.tarn.educagri.fr\/fonlabour\/wp-json\/wp\/v2\/users\/13"}],"replies":[{"embeddable":true,"href":"https:\/\/www.tarn.educagri.fr\/fonlabour\/wp-json\/wp\/v2\/comments?post=441"}],"version-history":[{"count":127,"href":"https:\/\/www.tarn.educagri.fr\/fonlabour\/wp-json\/wp\/v2\/pages\/441\/revisions"}],"predecessor-version":[{"id":9048,"href":"https:\/\/www.tarn.educagri.fr\/fonlabour\/wp-json\/wp\/v2\/pages\/441\/revisions\/9048"}],"wp:attachment":[{"href":"https:\/\/www.tarn.educagri.fr\/fonlabour\/wp-json\/wp\/v2\/media?parent=441"}],"curies":[{"name":"wp","href":"https:\/\/api.w.org\/{rel}","templated":true}]}}